{"id":23219,"date":"2025-10-17T13:29:30","date_gmt":"2025-10-17T13:29:30","guid":{"rendered":"https:\/\/victoriavynn.me\/index.php\/product\/msmo-stencil-airbrush-nuages-legerete-douceur\/"},"modified":"2025-10-17T13:29:30","modified_gmt":"2025-10-17T13:29:30","slug":"msmo-stencil-airbrush-nuages-legerete-douceur","status":"publish","type":"product","link":"http:\/\/victoriavynn.me\/index.php\/product\/msmo-stencil-airbrush-nuages-legerete-douceur\/","title":{"rendered":"MSMo Stencil Airbrush \u2013 Nuages | L\u00e9g\u00e8ret\u00e9 &amp; Douceur"},"content":{"rendered":"","protected":false},"excerpt":{"rendered":"","protected":false},"featured_media":23218,"comment_status":"open","ping_status":"closed","template":"","meta":[],"product_brand":[],"product_cat":[204],"product_tag":[],"class_list":{"0":"post-23219","1":"product","2":"type-product","3":"status-publish","4":"has-post-thumbnail","6":"product_cat-airbrush-templates","8":"first","9":"instock","10":"shipping-taxable","11":"purchasable","12":"product-type-simple"},"jetpack_sharing_enabled":true,"_links":{"self":[{"href":"http:\/\/victoriavynn.me\/index.php\/wp-json\/wp\/v2\/product\/23219","targetHints":{"allow":["GET"]}}],"collection":[{"href":"http:\/\/victoriavynn.me\/index.php\/wp-json\/wp\/v2\/product"}],"about":[{"href":"http:\/\/victoriavynn.me\/index.php\/wp-json\/wp\/v2\/types\/product"}],"replies":[{"embeddable":true,"href":"http:\/\/victoriavynn.me\/index.php\/wp-json\/wp\/v2\/comments?post=23219"}],"wp:featuredmedia":[{"embeddable":true,"href":"http:\/\/victoriavynn.me\/index.php\/wp-json\/wp\/v2\/media\/23218"}],"wp:attachment":[{"href":"http:\/\/victoriavynn.me\/index.php\/wp-json\/wp\/v2\/media?parent=23219"}],"wp:term":[{"taxonomy":"product_brand","embeddable":true,"href":"http:\/\/victoriavynn.me\/index.php\/wp-json\/wp\/v2\/product_brand?post=23219"},{"taxonomy":"product_cat","embeddable":true,"href":"http:\/\/victoriavynn.me\/index.php\/wp-json\/wp\/v2\/product_cat?post=23219"},{"taxonomy":"product_tag","embeddable":true,"href":"http:\/\/victoriavynn.me\/index.php\/wp-json\/wp\/v2\/product_tag?post=23219"}],"curies":[{"name":"wp","href":"https:\/\/api.w.org\/{rel}","templated":true}]}}